{"id":7,"date":"2024-11-27T08:36:01","date_gmt":"2024-11-27T07:36:01","guid":{"rendered":"http:\/\/kampfkunstschulen-kastl.de\/?page_id=7"},"modified":"2025-08-20T10:26:41","modified_gmt":"2025-08-20T08:26:41","slug":"trainingsorte-und-zeiten","status":"publish","type":"page","link":"https:\/\/kampfkunstschulen-kastl.de\/?page_id=7","title":{"rendered":"Orte, Zeiten: Erding, Lk Ebersberg"},"content":{"rendered":"\n<p><\/p>\n\n\n\n<h2 class=\"wp-block-heading\">Erding Selbstverteidigung<\/h2>\n\n\n\n<p>In der Kampfsportschule Wing Tsun Kung Fu und Freistil : 85435 Erding, Fitnessfabrik, Liegnitzer Str. 12. Parkpl\u00e4tze vor dem Haus. Zeiten: Mittwoch 18.00 und 20.00 Uhr, Freitag 18.00 Uhr. Immer 90 Minuten. Anmeldung f\u00fcr ein kostenloses Probetraining oder Fragen: Tel 015228405479, auch mit SMS und WhatsApp, oder e-mail an: <a href=\"mailto:sifu-kastl@freenet.de\">sifu-kastl@freenet.de<\/a> .<\/p>\n\n\n\n<h2 class=\"wp-block-heading\">Taglaching Kampfsport im LK Ebersberg in Bruck, zwischen Grafing, Kirchseeon, A\u00dfling und Glonn<\/h2>\n\n\n\n<p>Selbstverteidigung in der Kampfsportschule Kastl Wing Tsun Kung Fu und Freistil : 85567 Bruck \/ Taglaching Unterdorf 9. Taglaching liegt zwischen Grafing, Kirchseeon, A\u00dfling und Glonn. In Taglaching gibt es nur eine Kreuzung, an dieser Kreuzung Richtung Pinzenau fahren, Unterdorf 9 ist das letzte Haus in Taglaching auf der linken Seite, noch vor dem Berg, wenn sie von Taglaching Richtung Pinzenau fahren. Es gibt auch ein grosses Hinweisschild am Strassenrand. Training Montag 18.00 Uhr bis 19.00 Uhr, Dienstag 20.00 bis 21.30 Uhr, und Donnerstag 19.00 bis 20.30 Uhr. Anmeldung f\u00fcr ein kostenloses Probetraining oder Fragen:  Tel 015228405479, auch mit SMS und WhatsApp, oder e-mail an: <a href=\"mailto:sifu-kastl@freenet.de\">sifu-kastl@freenet.de<\/a> .<\/p>\n\n\n\n<p>Probetraining in Selbstverteidigung und Kampfsport in normaler Sportkleidung (Jogginghose, T-Shirt, Turnschuhe) bitte nur mit Voranmeldung, Tel 015228405479, e-mail: <a href=\"mailto:sifu-kastl@freenet.de\">sifu-kastl@freenet.de<\/a>, auch per SMS oder WhatsApp. Das Training findet durchgehend statt, der Einstieg ist jederzeit m\u00f6glich. Nur an gesetzlichen Feiertagen entf\u00e4llt das Training. F\u00fcr irgendwelche Fragen bin per e-mail: <a href=\"mailto:sifu-kastl@freenet.de\">sifu-kastl@freenet.de<\/a> oder Handy 015228405479 zu erreichen. <\/p>\n\n\n\n<p>Poing: <a href=\"https:\/\/vingtsun-poing.de\/\">https:\/\/vingtsun-poing.de\/<\/a> Die Schule wird von meinem Sch\u00fcler Ralf M\u00fcller geleitet.<\/p>\n\n\n\n<p>Neuburg an der Donau Ving Tsun und Jeet Do <a href=\"http:\/\/www.jeet-kune-de.eu\">www.jeet-kune-do.eu\/<\/a><\/p>\n\n\n\n<p><\/p>\n\n\n\n<p>Auf Anfrage kann ich auch f\u00fcr Ihre Organisation oder ihren Verein im Raum Bayern einen Selbstverteidigungslehrgang veranstalten. Als Diplom-Sozialp\u00e4dagoge und IHK zertifizierter Gewaltpr\u00e4ventionstrainer habe ich bereits an der Fachochschule M\u00fcnchen, an vielen Volkshochschulen, bei Sportvereinen, beim Bayerischen Blindenbund, beim Caritas M\u00e4dchenheim Gauting, bei der Pflege und sozialtherapeutischen Einrichtung St. Bartholom\u00e4 Samerberg GmbH, beim Landratsamt Erding, in vielen Schulen und die Mitarbeiter der Notaufnahme des Krankenhauses Rosenheim und Ebersberg unterrichtet.<\/p>\n\n\n\n<p><\/p>\n","protected":false},"excerpt":{"rendered":"<p>Erding Selbstverteidigung In der Kampfsportschule Wing Tsun Kung Fu und Freistil : 85435 Erding, Fitnessfabrik, Liegnitzer Str. 12. Parkpl\u00e4tze vor dem Haus. Zeiten: Mittwoch 18.00 und 20.00 Uhr, Freitag 18.00 Uhr. Immer 90 Minuten. Anmeldung f\u00fcr ein kostenloses Probetraining oder Fragen: Tel 015228405479, auch mit SMS und WhatsApp, oder e-mail an: sifu-kastl@freenet.de . Taglaching Kampfsport &#8230; <a title=\"Orte, Zeiten: Erding, Lk Ebersberg\" class=\"read-more\" href=\"https:\/\/kampfkunstschulen-kastl.de\/?page_id=7\" aria-label=\"Mehr Informationen \u00fcber Orte, Zeiten: Erding, Lk Ebersberg\">Weiterlesen<\/a><\/p>\n","protected":false},"author":1,"featured_media":0,"parent":0,"menu_order":10,"comment_status":"closed","ping_status":"closed","template":"","meta":{"footnotes":""},"class_list":["post-7","page","type-page","status-publish"],"_links":{"self":[{"href":"https:\/\/kampfkunstschulen-kastl.de\/index.php?rest_route=\/wp\/v2\/pages\/7","targetHints":{"allow":["GET"]}}],"collection":[{"href":"https:\/\/kampfkunstschulen-kastl.de\/index.php?rest_route=\/wp\/v2\/pages"}],"about":[{"href":"https:\/\/kampfkunstschulen-kastl.de\/index.php?rest_route=\/wp\/v2\/types\/page"}],"author":[{"embeddable":true,"href":"https:\/\/kampfkunstschulen-kastl.de\/index.php?rest_route=\/wp\/v2\/users\/1"}],"replies":[{"embeddable":true,"href":"https:\/\/kampfkunstschulen-kastl.de\/index.php?rest_route=%2Fwp%2Fv2%2Fcomments&post=7"}],"version-history":[{"count":13,"href":"https:\/\/kampfkunstschulen-kastl.de\/index.php?rest_route=\/wp\/v2\/pages\/7\/revisions"}],"predecessor-version":[{"id":308,"href":"https:\/\/kampfkunstschulen-kastl.de\/index.php?rest_route=\/wp\/v2\/pages\/7\/revisions\/308"}],"wp:attachment":[{"href":"https:\/\/kampfkunstschulen-kastl.de\/index.php?rest_route=%2Fwp%2Fv2%2Fmedia&parent=7"}],"curies":[{"name":"wp","href":"https:\/\/api.w.org\/{rel}","templated":true}]}}