{"id":3,"date":"2024-11-26T14:11:44","date_gmt":"2024-11-26T13:11:44","guid":{"rendered":"http:\/\/kampfkunstschulen-kastl.de\/?page_id=3"},"modified":"2025-08-20T10:36:55","modified_gmt":"2025-08-20T08:36:55","slug":"datenschutzerklaerung","status":"publish","type":"page","link":"https:\/\/kampfkunstschulen-kastl.de\/?page_id=3","title":{"rendered":"Datenschutz"},"content":{"rendered":"\n<p>DATENSCHUTZHINWEISE<br>I. Informationen \u00fcber die Verarbeitung Ihrer Daten gem\u00e4\u00df Art. 13 der<br>Datenschutz-Grundverordnung (DS-GVO)<\/p>\n\n\n\n<ol class=\"wp-block-list\">\n<li>Verantwortlicher und Datenschutzbeauftragter<br>Verantwortlich f\u00fcr diese Website ist <strong>Erwin Kastl<\/strong><\/li>\n\n\n\n<li>Unterdorf 9,<\/li>\n\n\n\n<li>85567 Bruck \/ Taglaching<\/li>\n\n\n\n<li>mobil&nbsp; 015228405479<\/li>\n\n\n\n<li>e-mail\u00a0 <a href=\"mailto:sifu-kastl@freenet.de\">sifu-kastl@freenet.de<\/a><br><br>Den Datenschutzbeauftragten erreichen Sie per E-Mail unter sifu-kastl@freenet.de <br>Daten, die f\u00fcr die Bereitstellung der Website und die Erstellung der<br>Protokolldateien verarbeitet werden<br>a. Welche Daten werden f\u00fcr welchen Zweck verarbeitet?<br>Bei jedem Zugriff auf Inhalte der Website werden vor\u00fcbergehend Daten gespeichert, die<br>m\u00f6glicherweise eine Identifizierung zulassen. Die folgenden Daten werden hierbei<br>erhoben:<\/li>\n<\/ol>\n\n\n\n<ul class=\"wp-block-list\">\n<li>Datum und Uhrzeit des Zugriffs<\/li>\n\n\n\n<li>IP-Adresse<\/li>\n\n\n\n<li>Hostname des zugreifenden Rechners<\/li>\n\n\n\n<li>Website, von der aus die Website aufgerufen wurde<\/li>\n\n\n\n<li>Websites, die \u00fcber die Website aufgerufen werden<\/li>\n\n\n\n<li>Besuchte Seite auf unserer Website<\/li>\n\n\n\n<li>Meldung, ob der Abruf erfolgreich war<\/li>\n\n\n\n<li>\u00dcbertragene Datenmenge<\/li>\n\n\n\n<li>Informationen \u00fcber den Browsertyp und die verwendete Version<\/li>\n\n\n\n<li>Betriebssystem<br>Die vor\u00fcbergehende Speicherung der Daten ist f\u00fcr den Ablauf eines Websitebesuchs<br>erforderlich, um eine Auslieferung der Website zu erm\u00f6glichen. Eine weitere<br>Speicherung in Protokolldateien erfolgt, um die Funktionsf\u00e4higkeit der Website und die<br>Sicherheit der informationstechnischen Systeme sicherzustellen. In diesen Zwecken liegt<br>auch unser berechtigtes Interesse an der Datenverarbeitung.<br>b. Auf welcher Rechtsgrundlage werden diese Daten verarbeitet?<br>Die Daten werden auf der Grundlage des Art. 6 Abs. 1 Buchstabe f DS-GVO verarbeitet.<br>c. [Bei Bedarf] Gibt es neben dem Verantwortlichen weitere Empf\u00e4nger der<br>personenbezogenen Daten?<br>Die Website wird bei [Name, Postadresse, E-Mail-Adresse des Hosters] gehostet. Der<br>Hoster empf\u00e4ngt die oben genannten Daten als Auftragsverarbeiter.<br>3<br>d. Wie lange werden die Daten gespeichert?<br>Die Daten werden gel\u00f6scht, sobald sie f\u00fcr die Erreichung des Zwecks ihrer Erhebung<br>nicht mehr erforderlich sind. Bei der Bereitstellung der Website ist dies der Fall, wenn die<br>jeweilige Sitzung beendet ist. Die Protokolldateien werden [\u2026, maximal bis zu 24<br>Stunden] direkt und ausschlie\u00dflich f\u00fcr Administratoren zug\u00e4nglich aufbewahrt. Danach<br>sind sie nur noch indirekt \u00fcber die Rekonstruktion von Sicherungsb\u00e4ndern verf\u00fcgbar und<br>werden nach [\u2026, maximal vier Wochen] endg\u00fcltig gel\u00f6scht.<\/li>\n<\/ul>\n\n\n\n<ol class=\"wp-block-list\">\n<li>Betroffenenrechte<br>a. Recht auf Auskunft<br>Sie k\u00f6nnen Auskunft nach Art. 15 DS-GVO \u00fcber Ihre personenbezogenen Daten<br>verlangen, die wir verarbeiten.<br>b. Recht auf Widerspruch<br>Sie haben ein Recht auf Widerspruch aus besonderen Gr\u00fcnden (siehe unter Punkt II).<br>c. Recht auf Berichtigung<br>Sollten die Sie betreffenden Angaben nicht (mehr) zutreffend sein, k\u00f6nnen Sie nach Art.<br>16 DS-GVO eine Berichtigung verlangen. Sollten Ihre Daten unvollst\u00e4ndig sein, k\u00f6nnen<br>Sie eine Vervollst\u00e4ndigung verlangen.<br>d. Recht auf L\u00f6schung<br>Sie k\u00f6nnen nach Art. 17 DS-GVO die L\u00f6schung Ihrer personenbezogenen Daten<br>verlangen.<br>e. Recht auf Einschr\u00e4nkung der Verarbeitung<br>Sie haben nach Art. 18 DS-GVO das Recht, eine Einschr\u00e4nkung der Verarbeitung Ihrer<br>personenbezogenen Daten zu verlangen.<br>f. Recht auf Beschwerde<br>Wenn Sie der Ansicht sind, dass die Verarbeitung Ihrer personenbezogenen Daten<br>gegen Datenschutzrecht verst\u00f6\u00dft, haben Sie nach Ar. 77 Abs. 1 DS-GVO das Recht,<br>sich bei einer Datenschutzaufsichtsbeh\u00f6rde eigener Wahl zu beschweren. <br>g. Recht auf Daten\u00fcbertragbarkeit<br>F\u00fcr den Fall, dass die Voraussetzungen des Art. 20 Abs. 1 DS-GVO vorliegen, steht<br>Ihnen das Recht zu, sich Daten, die wir auf Grundlage Ihrer Einwilligung oder in<br>Erf\u00fcllung eines Vertrags automatisiert verarbeiten, an sich oder an Dritte aush\u00e4ndigen<br>zu lassen. Die Erfassung der Daten zur Bereitstellung der Website und die Speicherung<br>der Protokolldateien sind f\u00fcr den Betrieb der Internetseite zwingend erforderlich. Sie<br>beruhen daher nicht auf einer Einwilligung nach Art. 6 Abs. 1 Buchstabe a DS-GVO oder<br>auf einem Vertrag nach Art. 6 Abs. 1 Buchstabe b DS-GVO, sondern sind nach Art. 6<br>Abs. 1 Buchstabe f DS-GVO gerechtfertigt. Die Voraussetzungen des Art. 20 Abs. 1 DS-<br>GVO sind demnach insoweit nicht erf\u00fcllt.<br>4<\/li>\n<\/ol>\n\n\n\n<p><\/p>\n","protected":false},"excerpt":{"rendered":"<p>DATENSCHUTZHINWEISEI. Informationen \u00fcber die Verarbeitung Ihrer Daten gem\u00e4\u00df Art. 13 derDatenschutz-Grundverordnung (DS-GVO)<\/p>\n","protected":false},"author":1,"featured_media":0,"parent":0,"menu_order":110,"comment_status":"closed","ping_status":"closed","template":"","meta":{"footnotes":""},"class_list":["post-3","page","type-page","status-publish"],"_links":{"self":[{"href":"https:\/\/kampfkunstschulen-kastl.de\/index.php?rest_route=\/wp\/v2\/pages\/3","targetHints":{"allow":["GET"]}}],"collection":[{"href":"https:\/\/kampfkunstschulen-kastl.de\/index.php?rest_route=\/wp\/v2\/pages"}],"about":[{"href":"https:\/\/kampfkunstschulen-kastl.de\/index.php?rest_route=\/wp\/v2\/types\/page"}],"author":[{"embeddable":true,"href":"https:\/\/kampfkunstschulen-kastl.de\/index.php?rest_route=\/wp\/v2\/users\/1"}],"replies":[{"embeddable":true,"href":"https:\/\/kampfkunstschulen-kastl.de\/index.php?rest_route=%2Fwp%2Fv2%2Fcomments&post=3"}],"version-history":[{"count":4,"href":"https:\/\/kampfkunstschulen-kastl.de\/index.php?rest_route=\/wp\/v2\/pages\/3\/revisions"}],"predecessor-version":[{"id":118,"href":"https:\/\/kampfkunstschulen-kastl.de\/index.php?rest_route=\/wp\/v2\/pages\/3\/revisions\/118"}],"wp:attachment":[{"href":"https:\/\/kampfkunstschulen-kastl.de\/index.php?rest_route=%2Fwp%2Fv2%2Fmedia&parent=3"}],"curies":[{"name":"wp","href":"https:\/\/api.w.org\/{rel}","templated":true}]}}